{"id":7337,"date":"2016-07-02T20:08:15","date_gmt":"2016-07-02T20:08:15","guid":{"rendered":"http:\/\/eraartprofile.pl\/eraartprofile\/?page_id=7337"},"modified":"2022-05-18T10:32:45","modified_gmt":"2022-05-18T09:32:45","slug":"kontakt","status":"publish","type":"page","link":"https:\/\/archiwum.eraartprofile.pl\/?page_id=7337","title":{"rendered":"kontakt"},"content":{"rendered":"<p><a href=\"http:\/\/eraartprofile.pl\/eraartprofile\/wp-content\/uploads\/2016\/12\/eraart_logo_2016.zip\"><img loading=\"lazy\" decoding=\"async\" class=\"alignnone wp-image-262\" src=\"http:\/\/eraartprofile.pl\/eraartprofile\/wp-content\/uploads\/2012\/01\/square_red_26.gif\" alt=\"square_red_26\" width=\"20\" height=\"20\"><\/a><\/p>\n<p><span style=\"font-family: arial, helvetica, sans-serif; font-size: medium;\">Stowarzyszenie Promocji&nbsp;Artyst\u00f3w Wybrze\u017ca&nbsp;<\/span><span style=\"font-size: small;\"><span style=\"font-family: arial, helvetica, sans-serif; font-size: medium;\">ERA ART<br \/>\n<\/span><\/span>stowarzyszenie po\u017cytku publicznego<\/p>\n<p>ulica Wojew\u00f3dzka 7<br \/>\n81-437 GDYNIA<br \/>\nWzg\u00f3rze \u015awi\u0119tego Maksymiliana<br \/>\ngsm: 600 401 451&nbsp; &nbsp; &nbsp; &nbsp; &nbsp; e-mail: <a href=\"http:\/\/eraartprofile.pl\/eraartprofile\/wp-content\/uploads\/2016\/12\/eraart_logo_2016.zip\">galeria.era-art@wp.pl<\/a><\/p>\n<p><a href=\"http:\/\/eraartprofile.pl\/eraartprofile\/wp-content\/uploads\/2016\/12\/eraart_logo_2016.zip\"><img loading=\"lazy\" decoding=\"async\" class=\"alignnone wp-image-262\" src=\"http:\/\/eraartprofile.pl\/eraartprofile\/wp-content\/uploads\/2012\/01\/square_red_26.gif\" alt=\"square_red_26\" width=\"15\" height=\"15\"><\/a><\/p>\n<p>koszali\u0144ski oddzia\u0142 Stowarzyszenia ERA ART<br \/>\nEwa Zem\u0142a<br \/>\nulica Zwyci\u0119stwa 148\/410<br \/>\n75-613 Koszalin<br \/>\n<a href=\"http:\/\/bpzemla.pl\/eraart\/\" target=\"_blank\" rel=\"noopener noreferrer\">www.bpzemla.pl\/eraart<\/a><\/p>\n<p><a href=\"http:\/\/eraartprofile.pl\/eraartprofile\/wp-content\/uploads\/2016\/12\/eraart_logo_2016.zip\"><img loading=\"lazy\" decoding=\"async\" class=\"alignnone wp-image-262\" src=\"http:\/\/eraartprofile.pl\/eraartprofile\/wp-content\/uploads\/2012\/01\/square_red_26.gif\" alt=\"square_red_26\" width=\"20\" height=\"20\"><\/a>&nbsp;&nbsp; <a href=\"http:\/\/eraartprofile.pl\/eraartprofile\/wp-content\/uploads\/2016\/12\/eraart_logo_2016.zip\">nowe logo stowarzyszenia do pobrania<\/a><\/p>\n<hr>\n<p><a href=\"http:\/\/mapa.trojmiasto.pl\/#\/search\/ulica%20Wojew%C3%B3dzka%207%2081-437%20GDYNIA\/r\/1\/map\/-193.89,-196.09,4,b\" target=\"_blank\" rel=\"noopener noreferrer\">mapa okolicy = trojmiasto.pl<\/a><\/p>\n<p>&nbsp;<\/p>\n","protected":false},"excerpt":{"rendered":"<p>Stowarzyszenie Promocji&nbsp;Artyst\u00f3w Wybrze\u017ca&nbsp;ERA ART stowarzyszenie po\u017cytku publicznego ulica Wojew\u00f3dzka 7 81-437 GDYNIA Wzg\u00f3rze \u015awi\u0119tego Maksymiliana gsm: 600 401 451&nbsp; &nbsp; &nbsp; &nbsp; &nbsp; e-mail: galeria.era-art@wp.pl koszali\u0144ski oddzia\u0142 Stowarzyszenia ERA ART Ewa Zem\u0142a ulica Zwyci\u0119stwa 148\/410 75-613 Koszalin www.bpzemla.pl\/eraart &nbsp;&nbsp; nowe logo stowarzyszenia do pobrania mapa okolicy = trojmiasto.pl &nbsp;<\/p>\n","protected":false},"author":1,"featured_media":0,"parent":37,"menu_order":0,"comment_status":"closed","ping_status":"closed","template":"","meta":{"ngg_post_thumbnail":0,"footnotes":""},"class_list":["post-7337","page","type-page","status-publish","hentry"],"_links":{"self":[{"href":"https:\/\/archiwum.eraartprofile.pl\/index.php?rest_route=\/wp\/v2\/pages\/7337","targetHints":{"allow":["GET"]}}],"collection":[{"href":"https:\/\/archiwum.eraartprofile.pl\/index.php?rest_route=\/wp\/v2\/pages"}],"about":[{"href":"https:\/\/archiwum.eraartprofile.pl\/index.php?rest_route=\/wp\/v2\/types\/page"}],"author":[{"embeddable":true,"href":"https:\/\/archiwum.eraartprofile.pl\/index.php?rest_route=\/wp\/v2\/users\/1"}],"replies":[{"embeddable":true,"href":"https:\/\/archiwum.eraartprofile.pl\/index.php?rest_route=%2Fwp%2Fv2%2Fcomments&post=7337"}],"version-history":[{"count":18,"href":"https:\/\/archiwum.eraartprofile.pl\/index.php?rest_route=\/wp\/v2\/pages\/7337\/revisions"}],"predecessor-version":[{"id":34093,"href":"https:\/\/archiwum.eraartprofile.pl\/index.php?rest_route=\/wp\/v2\/pages\/7337\/revisions\/34093"}],"up":[{"embeddable":true,"href":"https:\/\/archiwum.eraartprofile.pl\/index.php?rest_route=\/wp\/v2\/pages\/37"}],"wp:attachment":[{"href":"https:\/\/archiwum.eraartprofile.pl\/index.php?rest_route=%2Fwp%2Fv2%2Fmedia&parent=7337"}],"curies":[{"name":"wp","href":"https:\/\/api.w.org\/{rel}","templated":true}]}}